{"id":4569,"date":"2023-06-23T14:44:42","date_gmt":"2023-06-23T12:44:42","guid":{"rendered":"https:\/\/fiefeestjes.be\/?page_id=4569"},"modified":"2023-06-27T23:37:54","modified_gmt":"2023-06-27T21:37:54","slug":"offre","status":"publish","type":"page","link":"https:\/\/fiefeestjes.be\/nl\/offre\/","title":{"rendered":"Offre"},"content":{"rendered":"<div data-elementor-type=\"wp-page\" data-elementor-id=\"4569\" class=\"elementor elementor-4569\">\n\t\t\t\t\t\t\t\t\t<section class=\"elementor-section elementor-top-section elementor-element elementor-element-293dcbd elementor-section-boxed elementor-section-height-default elementor-section-height-default\" data-id=\"293dcbd\" data-element_type=\"section\">\n\t\t\t\t\t\t<div class=\"elementor-container elementor-column-gap-default\">\n\t\t\t\t\t<div class=\"elementor-column elementor-col-100 elementor-top-column elementor-element elementor-element-e837425\" data-id=\"e837425\" data-element_type=\"column\">\n\t\t\t<div class=\"elementor-widget-wrap elementor-element-populated\">\n\t\t\t\t\t\t\t\t<section class=\"elementor-section elementor-inner-section elementor-element elementor-element-a252b4d elementor-section-boxed elementor-section-height-default elementor-section-height-default\" data-id=\"a252b4d\" data-element_type=\"section\">\n\t\t\t\t\t\t<div class=\"elementor-container elementor-column-gap-default\">\n\t\t\t\t\t<div class=\"elementor-column elementor-col-100 elementor-inner-column elementor-element elementor-element-e20e2ea\" data-id=\"e20e2ea\" data-element_type=\"column\">\n\t\t\t<div class=\"elementor-widget-wrap elementor-element-populated\">\n\t\t\t\t\t\t\t\t<div class=\"elementor-element elementor-element-14d2c01 elementor-widget elementor-widget-image\" data-id=\"14d2c01\" data-element_type=\"widget\" data-widget_type=\"image.default\">\n\t\t\t\t<div class=\"elementor-widget-container\">\n\t\t\t<style>\/*! elementor - v3.14.0 - 18-06-2023 *\/\n.elementor-widget-image{text-align:center}.elementor-widget-image a{display:inline-block}.elementor-widget-image a img[src$=\".svg\"]{width:48px}.elementor-widget-image img{vertical-align:middle;display:inline-block}<\/style>\t\t\t\t\t\t\t\t\t\t\t\t<img decoding=\"async\" width=\"640\" height=\"480\" src=\"https:\/\/fiefeestjes.be\/wp-content\/uploads\/2023\/06\/60-1024x768.jpg\" class=\"attachment-large size-large wp-image-4570\" alt=\"\" loading=\"lazy\" srcset=\"https:\/\/fiefeestjes.be\/wp-content\/uploads\/2023\/06\/60-1024x768.jpg 1024w, https:\/\/fiefeestjes.be\/wp-content\/uploads\/2023\/06\/60-300x225.jpg 300w, https:\/\/fiefeestjes.be\/wp-content\/uploads\/2023\/06\/60-768x576.jpg 768w, https:\/\/fiefeestjes.be\/wp-content\/uploads\/2023\/06\/60-600x450.jpg 600w, https:\/\/fiefeestjes.be\/wp-content\/uploads\/2023\/06\/60.jpg 1440w\" sizes=\"(max-width: 640px) 100vw, 640px\" \/>\t\t\t\t\t\t\t\t\t\t\t\t\t\t\t<\/div>\n\t\t\t\t<\/div>\n\t\t\t\t<div class=\"elementor-element elementor-element-a812dd3 elementor-widget elementor-widget-heading\" data-id=\"a812dd3\" data-element_type=\"widget\" data-widget_type=\"heading.default\">\n\t\t\t\t<div class=\"elementor-widget-container\">\n\t\t\t<style>\/*! elementor - v3.14.0 - 18-06-2023 *\/\n.elementor-heading-title{padding:0;margin:0;line-height:1}.elementor-widget-heading .elementor-heading-title[class*=elementor-size-]>a{color:inherit;font-size:inherit;line-height:inherit}.elementor-widget-heading .elementor-heading-title.elementor-size-small{font-size:15px}.elementor-widget-heading .elementor-heading-title.elementor-size-medium{font-size:19px}.elementor-widget-heading .elementor-heading-title.elementor-size-large{font-size:29px}.elementor-widget-heading .elementor-heading-title.elementor-size-xl{font-size:39px}.elementor-widget-heading .elementor-heading-title.elementor-size-xxl{font-size:59px}<\/style><h2 class=\"elementor-heading-title elementor-size-default\">\nKinderfeestjes in verschillende formules\n\n\n\n<\/h2>\t\t<\/div>\n\t\t\t\t<\/div>\n\t\t\t\t\t<\/div>\n\t\t<\/div>\n\t\t\t\t\t\t\t<\/div>\n\t\t<\/section>\n\t\t\t\t\t<\/div>\n\t\t<\/div>\n\t\t\t\t\t\t\t<\/div>\n\t\t<\/section>\n\t\t\t\t<section class=\"elementor-section elementor-top-section elementor-element elementor-element-a9be747 elementor-section-boxed elementor-section-height-default elementor-section-height-default\" data-id=\"a9be747\" data-element_type=\"section\">\n\t\t\t\t\t\t<div class=\"elementor-container elementor-column-gap-default\">\n\t\t\t\t\t<div class=\"elementor-column elementor-col-100 elementor-top-column elementor-element elementor-element-0119579\" data-id=\"0119579\" data-element_type=\"column\">\n\t\t\t<div class=\"elementor-widget-wrap elementor-element-populated\">\n\t\t\t\t\t\t\t\t<section class=\"elementor-section elementor-inner-section elementor-element elementor-element-4ab9824 elementor-section-boxed elementor-section-height-default elementor-section-height-default\" data-id=\"4ab9824\" data-element_type=\"section\">\n\t\t\t\t\t\t<div class=\"elementor-container elementor-column-gap-default\">\n\t\t\t\t\t<div class=\"elementor-column elementor-col-50 elementor-inner-column elementor-element elementor-element-6ab7d47\" data-id=\"6ab7d47\" data-element_type=\"column\">\n\t\t\t<div class=\"elementor-widget-wrap elementor-element-populated\">\n\t\t\t\t\t\t\t\t<div class=\"elementor-element elementor-element-2a8c35b elementor-widget elementor-widget-text-editor\" data-id=\"2a8c35b\" data-element_type=\"widget\" data-widget_type=\"text-editor.default\">\n\t\t\t\t<div class=\"elementor-widget-container\">\n\t\t\t<style>\/*! elementor - v3.14.0 - 18-06-2023 *\/\n.elementor-widget-text-editor.elementor-drop-cap-view-stacked .elementor-drop-cap{background-color:#69727d;color:#fff}.elementor-widget-text-editor.elementor-drop-cap-view-framed .elementor-drop-cap{color:#69727d;border:3px solid;background-color:transparent}.elementor-widget-text-editor:not(.elementor-drop-cap-view-default) .elementor-drop-cap{margin-top:8px}.elementor-widget-text-editor:not(.elementor-drop-cap-view-default) .elementor-drop-cap-letter{width:1em;height:1em}.elementor-widget-text-editor .elementor-drop-cap{float:left;text-align:center;line-height:1;font-size:50px}.elementor-widget-text-editor .elementor-drop-cap-letter{display:inline-block}<\/style>\t\t\t\t<p>Wil je je zoon of dochter een origineel cadeau geven voor zijn of haar verjaardag? Waarom kiest u niet een door <strong>Fiefeestjes <\/strong>georganiseerd super kinderfeestje?<\/p><h6>Super leuk voor iedereen vanaf 4 jaar<\/h6><p>Omdat iedereen andere interesses heeft, hebben we verschillende programma's samengesteld waar u uit kan kiezen. We verzekeren u dat iedereen hier plezier aan zal beleven.<\/p><p>Je kunt kiezen uit koninklijk feest, schurkenfeest, circusfeest, klassiek feest, detectivefeest, modefeest, kookfeest, ninjafeest, piratenfeest en nog veel meer. We kunnen ook een aangepast thema opstellen om iedereen tevreden te houden!<\/p>\t\t\t\t\t\t<\/div>\n\t\t\t\t<\/div>\n\t\t\t\t\t<\/div>\n\t\t<\/div>\n\t\t\t\t<div class=\"elementor-column elementor-col-50 elementor-inner-column elementor-element elementor-element-0b1e275\" data-id=\"0b1e275\" data-element_type=\"column\">\n\t\t\t<div class=\"elementor-widget-wrap elementor-element-populated\">\n\t\t\t\t\t\t\t\t<div class=\"elementor-element elementor-element-d019076 elementor-widget elementor-widget-image\" data-id=\"d019076\" data-element_type=\"widget\" data-widget_type=\"image.default\">\n\t\t\t\t<div class=\"elementor-widget-container\">\n\t\t\t\t\t\t\t\t\t\t\t\t\t\t\t<img decoding=\"async\" width=\"350\" height=\"260\" src=\"https:\/\/fiefeestjes.be\/wp-content\/uploads\/2023\/06\/Kinderfeestjes.jpg\" class=\"attachment-large size-large wp-image-4571\" alt=\"\" loading=\"lazy\" srcset=\"https:\/\/fiefeestjes.be\/wp-content\/uploads\/2023\/06\/Kinderfeestjes.jpg 350w, https:\/\/fiefeestjes.be\/wp-content\/uploads\/2023\/06\/Kinderfeestjes-300x223.jpg 300w\" sizes=\"(max-width: 350px) 100vw, 350px\" \/>\t\t\t\t\t\t\t\t\t\t\t\t\t\t\t<\/div>\n\t\t\t\t<\/div>\n\t\t\t\t\t<\/div>\n\t\t<\/div>\n\t\t\t\t\t\t\t<\/div>\n\t\t<\/section>\n\t\t\t\t\t<\/div>\n\t\t<\/div>\n\t\t\t\t\t\t\t<\/div>\n\t\t<\/section>\n\t\t\t\t<section class=\"elementor-section elementor-top-section elementor-element elementor-element-4d9499c elementor-section-boxed elementor-section-height-default elementor-section-height-default\" data-id=\"4d9499c\" data-element_type=\"section\">\n\t\t\t\t\t\t<div class=\"elementor-container elementor-column-gap-default\">\n\t\t\t\t\t<div class=\"elementor-column elementor-col-100 elementor-top-column elementor-element elementor-element-1fcbfc0\" data-id=\"1fcbfc0\" data-element_type=\"column\">\n\t\t\t<div class=\"elementor-widget-wrap elementor-element-populated\">\n\t\t\t\t\t\t\t\t<div class=\"elementor-element elementor-element-023ed1f fly-sm elementor-invisible elementor-widget elementor-widget-pix-feature\" data-id=\"023ed1f\" data-element_type=\"widget\" data-widget_type=\"pix-feature.default\">\n\t\t\t\t<div class=\"elementor-widget-container\">\n\t\t\t<div id=\"duo-icon-192508673\" class=\"media\"><div class=\"mr-3 feature_img animate-in\" data-anim-type=\"fade-in-up\" data-anim-delay=\"100\" style=\"position:relative;text-align:center;\"><i style=\"display:inline-block;font-size:48px;min-width:48px;line-height:48px;color:#6EC1E4;\" class=\"align-middle pixicon-money2\"><\/i><\/div><div class=\"media-body text-left\"><h5 class=\"font-weight-bold   text-heading-default animate-in\" style=\"\" data-anim-type=\"fade-in-up\" data-anim-delay=\"200\">Prijs<\/h5><div class=\"text-body-default      animate-in\" style=\"padding-top:10px;\" data-anim-type=\"fade-in-up\" data-anim-delay=\"300\">Mail naar info@fiefeestjes.be voor onze tarieven.<\/div><\/div><\/div>\t\t<\/div>\n\t\t\t\t<\/div>\n\t\t\t\t\t<\/div>\n\t\t<\/div>\n\t\t\t\t\t\t\t<\/div>\n\t\t<\/section>\n\t\t\t\t\t\t\t<\/div>","protected":false},"excerpt":{"rendered":"<p>F\u00eates des enfants dans diff\u00e9rentes formules Vous souhaitez offrir \u00e0 votre fils ou \u00e0 votre fille un cadeau original pour son anniversaire ? Pourquoi ne pas choisir l&rsquo;une des f\u00eates pour enfants que Fiefeestjes peut organiser pour vous ? Un&#8230;<\/p>","protected":false},"author":1,"featured_media":0,"parent":0,"menu_order":0,"comment_status":"closed","ping_status":"closed","template":"","meta":[],"yoast_head":"<!-- This site is optimized with the Yoast SEO Premium plugin v20.8 (Yoast SEO v20.8) - https:\/\/yoast.com\/wordpress\/plugins\/seo\/ -->\n<title>Offre - fiefeestjes<\/title>\n<meta name=\"robots\" content=\"index, follow, max-snippet:-1, max-image-preview:large, max-video-preview:-1\" \/>\n<link rel=\"canonical\" href=\"https:\/\/fiefeestjes.be\/nl\/offre\/\" \/>\n<meta property=\"og:locale\" content=\"nl_BE\" \/>\n<meta property=\"og:type\" content=\"article\" \/>\n<meta property=\"og:title\" content=\"Offre\" \/>\n<meta property=\"og:description\" content=\"F\u00eates des enfants dans diff\u00e9rentes formules Vous souhaitez offrir \u00e0 votre fils ou \u00e0 votre fille un cadeau original pour son anniversaire ? Pourquoi ne pas choisir l&rsquo;une des f\u00eates pour enfants que Fiefeestjes peut organiser pour vous ? Un...\" \/>\n<meta property=\"og:url\" content=\"https:\/\/fiefeestjes.be\/nl\/offre\/\" \/>\n<meta property=\"og:site_name\" content=\"fiefeestjes\" \/>\n<meta property=\"article:modified_time\" content=\"2023-06-27T21:37:54+00:00\" \/>\n<meta property=\"og:image\" content=\"http:\/\/fiefeestjes.be\/wp-content\/uploads\/2023\/06\/60-1024x768.jpg\" \/>\n<meta name=\"twitter:card\" content=\"summary_large_image\" \/>\n<meta name=\"twitter:label1\" content=\"Geschatte leestijd\" \/>\n\t<meta name=\"twitter:data1\" content=\"1 minuut\" \/>\n<script type=\"application\/ld+json\" class=\"yoast-schema-graph\">{\"@context\":\"https:\/\/schema.org\",\"@graph\":[{\"@type\":\"WebPage\",\"@id\":\"https:\/\/fiefeestjes.be\/nl\/offre\/\",\"url\":\"https:\/\/fiefeestjes.be\/nl\/offre\/\",\"name\":\"Offre - fiefeestjes\",\"isPartOf\":{\"@id\":\"https:\/\/fiefeestjes.be\/#website\"},\"datePublished\":\"2023-06-23T12:44:42+00:00\",\"dateModified\":\"2023-06-27T21:37:54+00:00\",\"breadcrumb\":{\"@id\":\"https:\/\/fiefeestjes.be\/nl\/offre\/#breadcrumb\"},\"inLanguage\":\"nl-BE\",\"potentialAction\":[{\"@type\":\"ReadAction\",\"target\":[\"https:\/\/fiefeestjes.be\/nl\/offre\/\"]}]},{\"@type\":\"BreadcrumbList\",\"@id\":\"https:\/\/fiefeestjes.be\/nl\/offre\/#breadcrumb\",\"itemListElement\":[{\"@type\":\"ListItem\",\"position\":1,\"name\":\"Home\",\"item\":\"https:\/\/fiefeestjes.be\/nl\/\"},{\"@type\":\"ListItem\",\"position\":2,\"name\":\"Offre\"}]},{\"@type\":\"WebSite\",\"@id\":\"https:\/\/fiefeestjes.be\/#website\",\"url\":\"https:\/\/fiefeestjes.be\/\",\"name\":\"fiefeestjes\",\"description\":\"Animation anniversaire enfants\",\"publisher\":{\"@id\":\"https:\/\/fiefeestjes.be\/#organization\"},\"potentialAction\":[{\"@type\":\"SearchAction\",\"target\":{\"@type\":\"EntryPoint\",\"urlTemplate\":\"https:\/\/fiefeestjes.be\/?s={search_term_string}\"},\"query-input\":\"required name=search_term_string\"}],\"inLanguage\":\"nl-BE\"},{\"@type\":\"Organization\",\"@id\":\"https:\/\/fiefeestjes.be\/#organization\",\"name\":\"fiefeestjes\",\"alternateName\":\"fiefeestjes\",\"url\":\"https:\/\/fiefeestjes.be\/\",\"logo\":{\"@type\":\"ImageObject\",\"inLanguage\":\"nl-BE\",\"@id\":\"https:\/\/fiefeestjes.be\/#\/schema\/logo\/image\/\",\"url\":\"https:\/\/fiefeestjes.be\/wp-content\/uploads\/2023\/06\/cropped-logo-Fiefeestjes.png\",\"contentUrl\":\"https:\/\/fiefeestjes.be\/wp-content\/uploads\/2023\/06\/cropped-logo-Fiefeestjes.png\",\"width\":213,\"height\":115,\"caption\":\"fiefeestjes\"},\"image\":{\"@id\":\"https:\/\/fiefeestjes.be\/#\/schema\/logo\/image\/\"}}]}<\/script>\n<!-- \/ Yoast SEO Premium plugin. -->","yoast_head_json":{"title":"Offre - fiefeestjes","robots":{"index":"index","follow":"follow","max-snippet":"max-snippet:-1","max-image-preview":"max-image-preview:large","max-video-preview":"max-video-preview:-1"},"canonical":"https:\/\/fiefeestjes.be\/nl\/offre\/","og_locale":"nl_BE","og_type":"article","og_title":"Offre","og_description":"F\u00eates des enfants dans diff\u00e9rentes formules Vous souhaitez offrir \u00e0 votre fils ou \u00e0 votre fille un cadeau original pour son anniversaire ? Pourquoi ne pas choisir l&rsquo;une des f\u00eates pour enfants que Fiefeestjes peut organiser pour vous ? Un...","og_url":"https:\/\/fiefeestjes.be\/nl\/offre\/","og_site_name":"fiefeestjes","article_modified_time":"2023-06-27T21:37:54+00:00","og_image":[{"url":"http:\/\/fiefeestjes.be\/wp-content\/uploads\/2023\/06\/60-1024x768.jpg"}],"twitter_card":"summary_large_image","twitter_misc":{"Geschatte leestijd":"1 minuut"},"schema":{"@context":"https:\/\/schema.org","@graph":[{"@type":"WebPage","@id":"https:\/\/fiefeestjes.be\/nl\/offre\/","url":"https:\/\/fiefeestjes.be\/nl\/offre\/","name":"Offre - fiefeestjes","isPartOf":{"@id":"https:\/\/fiefeestjes.be\/#website"},"datePublished":"2023-06-23T12:44:42+00:00","dateModified":"2023-06-27T21:37:54+00:00","breadcrumb":{"@id":"https:\/\/fiefeestjes.be\/nl\/offre\/#breadcrumb"},"inLanguage":"nl-BE","potentialAction":[{"@type":"ReadAction","target":["https:\/\/fiefeestjes.be\/nl\/offre\/"]}]},{"@type":"BreadcrumbList","@id":"https:\/\/fiefeestjes.be\/nl\/offre\/#breadcrumb","itemListElement":[{"@type":"ListItem","position":1,"name":"Home","item":"https:\/\/fiefeestjes.be\/nl\/"},{"@type":"ListItem","position":2,"name":"Offre"}]},{"@type":"WebSite","@id":"https:\/\/fiefeestjes.be\/#website","url":"https:\/\/fiefeestjes.be\/","name":"fiefeestjes","description":"Animation anniversaire enfants","publisher":{"@id":"https:\/\/fiefeestjes.be\/#organization"},"potentialAction":[{"@type":"SearchAction","target":{"@type":"EntryPoint","urlTemplate":"https:\/\/fiefeestjes.be\/?s={search_term_string}"},"query-input":"required name=search_term_string"}],"inLanguage":"nl-BE"},{"@type":"Organization","@id":"https:\/\/fiefeestjes.be\/#organization","name":"fiefeestjes","alternateName":"fiefeestjes","url":"https:\/\/fiefeestjes.be\/","logo":{"@type":"ImageObject","inLanguage":"nl-BE","@id":"https:\/\/fiefeestjes.be\/#\/schema\/logo\/image\/","url":"https:\/\/fiefeestjes.be\/wp-content\/uploads\/2023\/06\/cropped-logo-Fiefeestjes.png","contentUrl":"https:\/\/fiefeestjes.be\/wp-content\/uploads\/2023\/06\/cropped-logo-Fiefeestjes.png","width":213,"height":115,"caption":"fiefeestjes"},"image":{"@id":"https:\/\/fiefeestjes.be\/#\/schema\/logo\/image\/"}}]}},"_links":{"self":[{"href":"https:\/\/fiefeestjes.be\/nl\/wp-json\/wp\/v2\/pages\/4569"}],"collection":[{"href":"https:\/\/fiefeestjes.be\/nl\/wp-json\/wp\/v2\/pages"}],"about":[{"href":"https:\/\/fiefeestjes.be\/nl\/wp-json\/wp\/v2\/types\/page"}],"author":[{"embeddable":true,"href":"https:\/\/fiefeestjes.be\/nl\/wp-json\/wp\/v2\/users\/1"}],"replies":[{"embeddable":true,"href":"https:\/\/fiefeestjes.be\/nl\/wp-json\/wp\/v2\/comments?post=4569"}],"version-history":[{"count":8,"href":"https:\/\/fiefeestjes.be\/nl\/wp-json\/wp\/v2\/pages\/4569\/revisions"}],"predecessor-version":[{"id":4738,"href":"https:\/\/fiefeestjes.be\/nl\/wp-json\/wp\/v2\/pages\/4569\/revisions\/4738"}],"wp:attachment":[{"href":"https:\/\/fiefeestjes.be\/nl\/wp-json\/wp\/v2\/media?parent=4569"}],"curies":[{"name":"wp","href":"https:\/\/api.w.org\/{rel}","templated":true}]}}